{"id":2479,"date":"2025-07-25T12:52:38","date_gmt":"2025-07-25T12:52:38","guid":{"rendered":"https:\/\/brain-flow.de\/?page_id=2479"},"modified":"2025-07-25T12:52:40","modified_gmt":"2025-07-25T12:52:40","slug":"buchungsbestaetigung","status":"publish","type":"page","link":"https:\/\/brain-flow.de\/de-en\/buchungsbestaetigung\/","title":{"rendered":"Buchungsbest\u00e4tigung"},"content":{"rendered":"\n[et_pb_section fb_built=&#8220;1&#8243; custom_padding_last_edited=&#8220;on|phone&#8220; admin_label=&#8220;Hero&#8220; _builder_version=&#8220;4.27.4&#8243; _module_preset=&#8220;default&#8220; background_color=&#8220;#3D3650&#8243; custom_padding=&#8220;279px||235px||false|false&#8220; custom_padding_tablet=&#8220;150px||70px||false|false&#8220; custom_padding_phone=&#8220;150px||60px||false|false&#8220; hover_enabled=&#8220;0&#8243; border_color_bottom=&#8220;#46465D&#8220; global_colors_info=&#8220;{}&#8220; sticky_enabled=&#8220;0&#8243;][et_pb_row _builder_version=&#8220;4.27.4&#8243; _module_preset=&#8220;default&#8220; custom_margin=&#8220;||0px||false|false&#8220; custom_margin_tablet=&#8220;||60px||false|false&#8220; custom_margin_phone=&#8220;||40px||false|false&#8220; custom_margin_last_edited=&#8220;on|phone&#8220; custom_padding=&#8220;0px||0px||true|false&#8220; animation_style=&#8220;slide&#8220; animation_direction=&#8220;bottom&#8220; animation_intensity_slide=&#8220;1%&#8220; animation_starting_opacity=&#8220;100%&#8220; global_colors_info=&#8220;{}&#8220;][et_pb_column type=&#8220;4_4&#8243; _builder_version=&#8220;4.20.0&#8243; _module_preset=&#8220;default&#8220; global_colors_info=&#8220;{}&#8220;][et_pb_code _builder_version=&#8220;4.27.4&#8243; _module_preset=&#8220;default&#8220; global_colors_info=&#8220;{}&#8220;]<script><!-- [et_pb_line_break_holder] -->  document.body.classList.add(\"bereich-erwachsene\");<!-- [et_pb_line_break_holder] --><\/script>[\/et_pb_code][et_pb_text _builder_version=&#8220;4.27.4&#8243; _module_preset=&#8220;default&#8220; header_2_text_align=&#8220;center&#8220; header_3_font=&#8220;|||on|||||&#8220; header_3_text_align=&#8220;center&#8220; header_3_text_color=&#8220;#3D3650&#8243; custom_margin=&#8220;||0px||false|false&#8220; custom_margin_tablet=&#8220;||20px||false|false&#8220; custom_margin_phone=&#8220;||20px||false|false&#8220; custom_margin_last_edited=&#8220;on|tablet&#8220; custom_padding=&#8220;0px||0px||true|false&#8220; animation_direction=&#8220;bottom&#8220; hover_enabled=&#8220;0&#8243; global_colors_info=&#8220;{}&#8220; sticky_enabled=&#8220;0&#8243;]<h3><span style=\"color: #ffffff;\">Buchungsbest\u00e4tigung<\/span><\/h3>[\/et_pb_text][et_pb_text _builder_version=&#8220;4.27.4&#8243; _module_preset=&#8220;default&#8220; header_text_align=&#8220;center&#8220; header_text_color=&#8220;#3D3650&#8243; header_2_text_align=&#8220;center&#8220; header_2_text_color=&#8220;#3D3650&#8243; custom_margin=&#8220;||20px||false|false&#8220; custom_margin_tablet=&#8220;||20px||false|false&#8220; custom_margin_phone=&#8220;||20px||false|false&#8220; custom_margin_last_edited=&#8220;on|tablet&#8220; custom_padding=&#8220;0px||0px||true|false&#8220; animation_direction=&#8220;bottom&#8220; hover_enabled=&#8220;0&#8243; global_colors_info=&#8220;{}&#8220; sticky_enabled=&#8220;0&#8243;]<h1><span style=\"color: #ffffff;\">Vielen Dank f\u00fcr Ihre Buchung<\/span><\/h1>[\/et_pb_text][et_pb_text _builder_version=&#8220;4.27.4&#8243; _module_preset=&#8220;default&#8220; text_text_color=&#8220;#3D3650&#8243; text_orientation=&#8220;center&#8220; custom_margin=&#8220;||||false|false&#8220; custom_margin_tablet=&#8220;||||false|false&#8220; custom_margin_phone=&#8220;||||false|false&#8220; custom_margin_last_edited=&#8220;on|tablet&#8220; custom_padding=&#8220;||||false|false&#8220; animation_direction=&#8220;bottom&#8220; hover_enabled=&#8220;0&#8243; global_colors_info=&#8220;{}&#8220; sticky_enabled=&#8220;0&#8243;]<p><span style=\"font-weight: 400; color: #ffffff;\">Sie erhalten eine Buchungsbest\u00e4tigung mit allen weiteren Hinweisen per Email.<\/span><\/p>[\/et_pb_text][\/et_pb_column][\/et_pb_row][\/et_pb_section][et_pb_section fb_built=&#8220;1&#8243; admin_label=&#8220;sticky button&#8220; _builder_version=&#8220;4.27.4&#8243; _module_preset=&#8220;default&#8220; z_index=&#8220;99999&#8243; height=&#8220;0px&#8220; custom_padding=&#8220;0px||0px||false|false&#8220; global_colors_info=&#8220;{}&#8220;][\/et_pb_section]\n","protected":false},"excerpt":{"rendered":"<p>Buchungsbest\u00e4tigungVielen Dank f\u00fcr Ihre BuchungSie erhalten eine Buchungsbest\u00e4tigung mit allen weiteren Hinweisen per Email.<\/p>","protected":false},"author":3,"featured_media":0,"parent":0,"menu_order":9,"comment_status":"closed","ping_status":"closed","template":"","meta":{"_et_pb_use_builder":"on","_et_pb_old_content":"","_et_gb_content_width":"","inline_featured_image":false,"footnotes":""},"class_list":["post-2479","page","type-page","status-publish","hentry"],"_links":{"self":[{"href":"https:\/\/brain-flow.de\/de-en\/wp-json\/wp\/v2\/pages\/2479","targetHints":{"allow":["GET"]}}],"collection":[{"href":"https:\/\/brain-flow.de\/de-en\/wp-json\/wp\/v2\/pages"}],"about":[{"href":"https:\/\/brain-flow.de\/de-en\/wp-json\/wp\/v2\/types\/page"}],"author":[{"embeddable":true,"href":"https:\/\/brain-flow.de\/de-en\/wp-json\/wp\/v2\/users\/3"}],"replies":[{"embeddable":true,"href":"https:\/\/brain-flow.de\/de-en\/wp-json\/wp\/v2\/comments?post=2479"}],"version-history":[{"count":2,"href":"https:\/\/brain-flow.de\/de-en\/wp-json\/wp\/v2\/pages\/2479\/revisions"}],"predecessor-version":[{"id":2481,"href":"https:\/\/brain-flow.de\/de-en\/wp-json\/wp\/v2\/pages\/2479\/revisions\/2481"}],"wp:attachment":[{"href":"https:\/\/brain-flow.de\/de-en\/wp-json\/wp\/v2\/media?parent=2479"}],"curies":[{"name":"wp","href":"https:\/\/api.w.org\/{rel}","templated":true}]}}