{"id":1244,"date":"2023-10-10T15:07:13","date_gmt":"2023-10-10T15:07:13","guid":{"rendered":"http:\/\/brain-flow.de\/?page_id=1244"},"modified":"2025-08-01T13:35:28","modified_gmt":"2025-08-01T13:35:28","slug":"impressum","status":"publish","type":"page","link":"https:\/\/brain-flow.de\/de-en\/impressum\/","title":{"rendered":"imprint"},"content":{"rendered":"<p>[et_pb_section fb_built=&#8220;1&#8243; custom_padding_last_edited=&#8220;on|phone&#8220; _builder_version=&#8220;4.27.4&#8243; _module_preset=&#8220;default&#8220; background_color=&#8220;#3D3650&#8243; custom_padding=&#8220;184px||87px||false|false&#8220; custom_padding_tablet=&#8220;175px||70px||false|false&#8220; custom_padding_phone=&#8220;175px||60px||false|false&#8220; global_colors_info=&#8220;{}&#8220;][et_pb_row _builder_version=&#8220;4.22.2&#8243; _module_preset=&#8220;default&#8220; custom_padding=&#8220;0px||0px||true|false&#8220; global_colors_info=&#8220;{}&#8220;][et_pb_column type=&#8220;4_4&#8243; _builder_version=&#8220;4.22.2&#8243; _module_preset=&#8220;default&#8220; global_colors_info=&#8220;{}&#8220;][et_pb_text _builder_version=&#8220;4.27.4&#8243; _module_preset=&#8220;default&#8220; text_text_color=&#8220;#FFFFFF&#8220; link_text_color=&#8220;#FFFFFF&#8220; header_text_color=&#8220;#FFFFFF&#8220; header_2_text_color=&#8220;#FFFFFF&#8220; header_3_text_color=&#8220;#FFFFFF&#8220; header_4_text_color=&#8220;#FFFFFF&#8220; animation_style=&#8220;slide&#8220; animation_direction=&#8220;bottom&#8220; animation_intensity_slide=&#8220;1%&#8220; animation_starting_opacity=&#8220;100%&#8220; global_colors_info=&#8220;{}&#8220;]<\/p>\n<h1 data-start=\"76\" data-end=\"115\"><strong data-start=\"76\" data-end=\"89\">Impressum<\/strong><\/h1>\n<h4 data-start=\"76\" data-end=\"115\">Angaben gem\u00e4\u00df \u00a7 5 TMG<\/h4>\n<p data-start=\"117\" data-end=\"242\" class=\"\">Dr. rer. nat. Caroline B\u00f6ttiger, Heilpraktikerin f\u00fcr Psychotherapie<br data-start=\"177\" data-end=\"180\" \/>BrainFlow (eine Marke der Mitte Praxis)<br data-start=\"198\" data-end=\"201\" \/>Linienstra\u00dfe 130<br data-start=\"217\" data-end=\"220\" \/>2. Hinterhof<br data-start=\"225\" data-end=\"228\" \/>10115 Berlin<\/p>\n<p data-start=\"244\" data-end=\"298\" class=\"\">Gesundheitsamt Berlin Lichtenberg: Meldenummer 12860<\/p>\n<h4 data-start=\"300\" data-end=\"398\"><strong data-start=\"300\" data-end=\"311\">Kontakt<\/strong><\/h4>\n<p data-start=\"300\" data-end=\"398\" class=\"\">Telefon: (030) 27581121<br data-start=\"363\" data-end=\"366\" \/>E-Mail: <a data-start=\"374\" data-end=\"396\" rel=\"noopener\">info@brain-flow.de<\/a><\/p>\n<h4 data-start=\"405\" data-end=\"611\"><strong data-start=\"405\" data-end=\"429\">EU-Streitschlichtung<\/strong><\/h4>\n<p data-start=\"405\" data-end=\"611\" class=\"\">Die Europ\u00e4ische Kommission stellt eine Plattform zur Online-Streitbeilegung (OS) bereit: <a data-start=\"521\" data-end=\"556\" rel=\"noopener\" target=\"_new\" class=\"\" href=\"https:\/\/ec.europa.eu\/consumers\/odr\/\">https:\/\/ec.europa.eu\/consumers\/odr\/<\/a>.<br data-start=\"557\" data-end=\"560\" \/>Unsere E-Mail-Adresse finden Sie oben im Impressum.<\/p>\n<h4 data-start=\"618\" data-end=\"804\"><strong data-start=\"618\" data-end=\"678\">Verbraucher\u00adstreit\u00adbeilegung \/ Universal\u00adschlichtungs\u00adstelle<\/strong><\/h4>\n<p data-start=\"618\" data-end=\"804\" class=\"\">Wir sind nicht bereit oder verpflichtet, an Streitbeilegungsverfahren vor einer Verbraucherschlichtungsstelle teilzunehmen.<\/p>\n<p data-start=\"811\" data-end=\"1369\" class=\"\"><strong data-start=\"811\" data-end=\"838\">1. Haftungsbeschr\u00e4nkung<\/strong><br data-start=\"838\" data-end=\"841\" \/>Die Inhalte dieser Website werden mit gr\u00f6\u00dftm\u00f6glicher Sorgfalt erstellt. Der Anbieter \u00fcbernimmt jedoch keine Gew\u00e4hr f\u00fcr die Richtigkeit, Vollst\u00e4ndigkeit und Aktualit\u00e4t der bereitgestellten Inhalte. Die Nutzung der Inhalte der Website erfolgt auf eigene Gefahr des Nutzers. Namentlich gekennzeichnete Beitr\u00e4ge geben die Meinung des jeweiligen Autors und nicht immer die Meinung des Anbieters wieder. Mit der reinen Nutzung der Website des Anbieters kommt keinerlei Vertragsverh\u00e4ltnis zwischen dem Nutzer und dem Anbieter zustande.<\/p>\n<p data-start=\"1376\" data-end=\"2215\" class=\"\"><strong data-start=\"1376\" data-end=\"1396\">2. Externe Links<\/strong><br data-start=\"1396\" data-end=\"1399\" \/>Diese Website enth\u00e4lt Verkn\u00fcpfungen zu Websites Dritter (&#8222;externe Links&#8220;). Diese Websites unterliegen der Haftung der jeweiligen Betreiber. Der Anbieter hat bei der erstmaligen Verkn\u00fcpfung der externen Links die fremden Inhalte daraufhin \u00fcberpr\u00fcft, ob etwaige Rechtsverst\u00f6\u00dfe bestehen. Zu dem Zeitpunkt waren keine Rechtsverst\u00f6\u00dfe ersichtlich. Der Anbieter hat keinerlei Einfluss auf die aktuelle und zuk\u00fcnftige Gestaltung und auf die Inhalte der verkn\u00fcpften Seiten. Das Setzen von externen Links bedeutet nicht, dass sich der Anbieter die hinter dem Verweis oder Link liegenden Inhalte zu Eigen macht. Eine st\u00e4ndige Kontrolle der externen Links ist f\u00fcr den Anbieter ohne konkrete Hinweise auf Rechtsverst\u00f6\u00dfe nicht zumutbar. Bei Kenntnis von Rechtsverst\u00f6\u00dfen werden jedoch derartige externe Links unverz\u00fcglich gel\u00f6scht.<\/p>\n<p data-start=\"2222\" data-end=\"3153\" class=\"\"><strong data-start=\"2222\" data-end=\"2263\">3. Urheber- und Leistungsschutzrechte<\/strong><br data-start=\"2263\" data-end=\"2266\" \/>Die auf dieser Website ver\u00f6ffentlichten Inhalte unterliegen dem deutschen Urheber- und Leistungsschutzrecht. Jede vom deutschen Urheber- und Leistungsschutzrecht nicht zugelassene Verwertung bedarf der vorherigen schriftlichen Zustimmung des Anbieters oder jeweiligen Rechteinhabers. Dies gilt insbesondere f\u00fcr Vervielf\u00e4ltigung, Bearbeitung, \u00dcbersetzung, Einspeicherung, Verarbeitung bzw. Wiedergabe von Inhalten in Datenbanken oder anderen elektronischen Medien und Systemen. Inhalte und Rechte Dritter sind dabei als solche gekennzeichnet. Die unerlaubte Vervielf\u00e4ltigung oder Weitergabe einzelner Inhalte oder kompletter Seiten ist nicht gestattet und strafbar. Lediglich die Herstellung von Kopien und Downloads f\u00fcr den pers\u00f6nlichen, privaten und nicht kommerziellen Gebrauch ist erlaubt. Die Darstellung dieser Website in fremden Frames ist nur mit schriftlicher Erlaubnis zul\u00e4ssig.<\/p>\n<h4 data-start=\"3160\" data-end=\"3262\"><strong data-start=\"3160\" data-end=\"3200\"><\/strong><\/h4>\n<h4 data-start=\"3160\" data-end=\"3262\"><strong data-start=\"3160\" data-end=\"3200\">Konzeption, Design &amp; Programmierung:<\/strong><br data-start=\"3200\" data-end=\"3203\" \/><a data-start=\"3203\" data-end=\"3262\" rel=\"noopener\" target=\"_new\" class=\"\" href=\"http:\/\/www.sisterhood-berlin.de\"><\/a><\/h4>\n<p data-start=\"3160\" data-end=\"3262\" class=\"\"><a data-start=\"3203\" data-end=\"3262\" rel=\"noopener\" target=\"_new\" class=\"\" href=\"http:\/\/www.sisterhood-berlin.de\">www.sisterhood-berlin.de<\/a><\/p>\n<p data-start=\"3160\" data-end=\"3262\" class=\"\">Fotos: iStock, Pexels, Fotografin: Juliane Floeting<\/p>\n<p data-start=\"3160\" data-end=\"3262\" class=\"\">\n<div class=\"std_text_oberhalb\"><\/div>\n<div class=\"std_text_oberhalb\"><\/div>\n<p>[\/et_pb_text][\/et_pb_column][\/et_pb_row][\/et_pb_section][et_pb_section fb_built=&#8220;1&#8243; admin_label=&#8220;sticky button&#8220; _builder_version=&#8220;4.27.4&#8243; _module_preset=&#8220;default&#8220; z_index=&#8220;99999&#8243; height=&#8220;0px&#8220; custom_padding=&#8220;0px||0px||false|false&#8220; global_colors_info=&#8220;{}&#8220;][et_pb_row _builder_version=&#8220;4.27.4&#8243; _module_preset=&#8220;default&#8220; global_colors_info=&#8220;{}&#8220;][et_pb_column type=&#8220;4_4&#8243; _builder_version=&#8220;4.27.4&#8243; _module_preset=&#8220;default&#8220; global_colors_info=&#8220;{}&#8220;][et_pb_code _builder_version=&#8220;4.27.4&#8243; _module_preset=&#8220;default&#8220; global_colors_info=&#8220;{}&#8220;]<\/p>\n<div class=\"sticky-infobox\"><!-- [et_pb_line_break_holder] -->  <a href=\"https:\/\/www.eTermin.net\/brainflow\/serviceid\/567426\" target=\"_blank\" rel=\"noopener noreferrer\"><!-- [et_pb_line_break_holder] -->    <img decoding=\"async\" src=\"\/wp-content\/uploads\/2025\/04\/BRAINFLOW_FreeCall.svg\" alt=\"Free Call Icon\" \/><!-- [et_pb_line_break_holder] -->    <span>kostenloser<!\u2013- [et_pb_br_holder] -\u2013><strong>Infocall<\/strong><\/span><!-- [et_pb_line_break_holder] -->  <\/a><!-- [et_pb_line_break_holder] --><\/div>\n<p>[\/et_pb_code][\/et_pb_column][\/et_pb_row][\/et_pb_section]<\/p>\n","protected":false},"excerpt":{"rendered":"<p>Impressum Angaben gem\u00e4\u00df \u00a7 5 TMG Dr. rer. nat. Caroline B\u00f6ttiger, Heilpraktikerin f\u00fcr PsychotherapieBrainFlow (eine Marke der Mitte Praxis)Linienstra\u00dfe 1302. Hinterhof10115 Berlin Gesundheitsamt Berlin Lichtenberg: Meldenummer 12860 Kontakt Telefon: (030) 27581121E-Mail: info@brain-flow.de EU-Streitschlichtung Die Europ\u00e4ische Kommission stellt eine Plattform zur Online-Streitbeilegung (OS) bereit: https:\/\/ec.europa.eu\/consumers\/odr\/.Unsere E-Mail-Adresse finden Sie oben im Impressum. Verbraucher\u00adstreit\u00adbeilegung \/ Universal\u00adschlichtungs\u00adstelle Wir sind [&hellip;]<\/p>\n","protected":false},"author":1,"featured_media":0,"parent":0,"menu_order":7,"comment_status":"closed","ping_status":"closed","template":"","meta":{"_et_pb_use_builder":"on","_et_pb_old_content":"","_et_gb_content_width":"","inline_featured_image":false,"footnotes":""},"class_list":["post-1244","page","type-page","status-publish","hentry"],"_links":{"self":[{"href":"https:\/\/brain-flow.de\/de-en\/wp-json\/wp\/v2\/pages\/1244","targetHints":{"allow":["GET"]}}],"collection":[{"href":"https:\/\/brain-flow.de\/de-en\/wp-json\/wp\/v2\/pages"}],"about":[{"href":"https:\/\/brain-flow.de\/de-en\/wp-json\/wp\/v2\/types\/page"}],"author":[{"embeddable":true,"href":"https:\/\/brain-flow.de\/de-en\/wp-json\/wp\/v2\/users\/1"}],"replies":[{"embeddable":true,"href":"https:\/\/brain-flow.de\/de-en\/wp-json\/wp\/v2\/comments?post=1244"}],"version-history":[{"count":13,"href":"https:\/\/brain-flow.de\/de-en\/wp-json\/wp\/v2\/pages\/1244\/revisions"}],"predecessor-version":[{"id":2588,"href":"https:\/\/brain-flow.de\/de-en\/wp-json\/wp\/v2\/pages\/1244\/revisions\/2588"}],"wp:attachment":[{"href":"https:\/\/brain-flow.de\/de-en\/wp-json\/wp\/v2\/media?parent=1244"}],"curies":[{"name":"wp","href":"https:\/\/api.w.org\/{rel}","templated":true}]}}